{"id":104,"date":"2023-05-23T19:31:27","date_gmt":"2023-05-23T19:31:27","guid":{"rendered":"https:\/\/ivory-interiors.com\/?page_id=104"},"modified":"2023-06-27T17:41:52","modified_gmt":"2023-06-27T15:41:52","slug":"mentions-legales","status":"publish","type":"page","link":"https:\/\/ivory-interiors.com\/en\/mentions-legales\/","title":{"rendered":"Legal notices"},"content":{"rendered":"<div data-elementor-type=\"wp-page\" data-elementor-id=\"104\" class=\"elementor elementor-104\">\n\t\t\t\t\t\t\t\t\t<section class=\"elementor-section elementor-top-section elementor-element elementor-element-b59220d elementor-section-boxed elementor-section-height-default elementor-section-height-default\" data-id=\"b59220d\" data-element_type=\"section\">\n\t\t\t\t\t\t<div class=\"elementor-container elementor-column-gap-default\">\n\t\t\t\t\t<div class=\"elementor-column elementor-col-100 elementor-top-column elementor-element elementor-element-b89728a\" data-id=\"b89728a\" data-element_type=\"column\">\n\t\t\t<div class=\"elementor-widget-wrap elementor-element-populated\">\n\t\t\t\t\t\t\t\t<div class=\"elementor-element elementor-element-4c4de5f elementor-widget__width-initial elementor-widget elementor-widget-heading\" data-id=\"4c4de5f\" data-element_type=\"widget\" data-widget_type=\"heading.default\">\n\t\t\t\t<div class=\"elementor-widget-container\">\n\t\t\t<style>\/*! elementor - v3.13.2 - 11-05-2023 *\/\n.elementor-heading-title{padding:0;margin:0;line-height:1}.elementor-widget-heading .elementor-heading-title[class*=elementor-size-]>a{color:inherit;font-size:inherit;line-height:inherit}.elementor-widget-heading .elementor-heading-title.elementor-size-small{font-size:15px}.elementor-widget-heading .elementor-heading-title.elementor-size-medium{font-size:19px}.elementor-widget-heading .elementor-heading-title.elementor-size-large{font-size:29px}.elementor-widget-heading .elementor-heading-title.elementor-size-xl{font-size:39px}.elementor-widget-heading .elementor-heading-title.elementor-size-xxl{font-size:59px}<\/style><h1 class=\"elementor-heading-title elementor-size-default\">Legal notices<\/h1>\t\t<\/div>\n\t\t\t\t<\/div>\n\t\t\t\t<div class=\"elementor-element elementor-element-cb98ead elementor-widget elementor-widget-heading\" data-id=\"cb98ead\" data-element_type=\"widget\" data-widget_type=\"heading.default\">\n\t\t\t\t<div class=\"elementor-widget-container\">\n\t\t\t<h2 class=\"elementor-heading-title elementor-size-default\">IVORY INTERIORS :<\/h2>\t\t<\/div>\n\t\t\t\t<\/div>\n\t\t\t\t<div class=\"elementor-element elementor-element-4f39a77 elementor-widget elementor-widget-text-editor\" data-id=\"4f39a77\" data-element_type=\"widget\" data-widget_type=\"text-editor.default\">\n\t\t\t\t<div class=\"elementor-widget-container\">\n\t\t\t<style>\/*! elementor - v3.13.2 - 11-05-2023 *\/\n.elementor-widget-text-editor.elementor-drop-cap-view-stacked .elementor-drop-cap{background-color:#69727d;color:#fff}.elementor-widget-text-editor.elementor-drop-cap-view-framed .elementor-drop-cap{color:#69727d;border:3px solid;background-color:transparent}.elementor-widget-text-editor:not(.elementor-drop-cap-view-default) .elementor-drop-cap{margin-top:8px}.elementor-widget-text-editor:not(.elementor-drop-cap-view-default) .elementor-drop-cap-letter{width:1em;height:1em}.elementor-widget-text-editor .elementor-drop-cap{float:left;text-align:center;line-height:1;font-size:50px}.elementor-widget-text-editor .elementor-drop-cap-letter{display:inline-block}<\/style>\t\t\t\t<p class=\"font_8\">IVORY INTERIORS is<\/p><p class=\"font_8\">domiciled at:<\/p><p class=\"font_8\">3 PLACE MASSENA<\/p><p class=\"font_8\">06000 NICE<\/p><p class=\"font_8\">Phone: +33 7 62 21 19 75<\/p><p class=\"font_8\">Siret number : 94956118700012<\/p>\t\t\t\t\t\t<\/div>\n\t\t\t\t<\/div>\n\t\t\t\t<div class=\"elementor-element elementor-element-2665f23 elementor-widget elementor-widget-heading\" data-id=\"2665f23\" data-element_type=\"widget\" data-widget_type=\"heading.default\">\n\t\t\t\t<div class=\"elementor-widget-container\">\n\t\t\t<h2 class=\"elementor-heading-title elementor-size-default\">Website publication:<\/h2>\t\t<\/div>\n\t\t\t\t<\/div>\n\t\t\t\t<div class=\"elementor-element elementor-element-6c21bab elementor-widget__width-initial elementor-hidden-mobile elementor-widget elementor-widget-text-editor\" data-id=\"6c21bab\" data-element_type=\"widget\" data-widget_type=\"text-editor.default\">\n\t\t\t\t<div class=\"elementor-widget-container\">\n\t\t\t\t\t\t\t<p class=\"font_8\">This website, accessible at the URL www.ivory-interiors.com, is published by the web design\u00a0<\/p><p class=\"font_8\">agency Debman<span style=\"font-style: inherit; font-weight: inherit; color: var( --e-global-color-astglobalcolor1 ); font-family: var( --e-global-typography-text-font-family ), Sans-serif; background-color: var(--ast-global-color-0);\">, based in Nice, France.<\/span><\/p><p class=\"font_8\"><span style=\"font-style: inherit; font-weight: inherit; color: var( --e-global-color-astglobalcolor1 ); font-family: var( --e-global-typography-text-font-family ), Sans-serif; background-color: var(--ast-global-color-0);\">\u00a0<\/span><\/p>\t\t\t\t\t\t<\/div>\n\t\t\t\t<\/div>\n\t\t\t\t<div class=\"elementor-element elementor-element-ec07866 elementor-hidden-desktop elementor-hidden-tablet elementor-widget elementor-widget-text-editor\" data-id=\"ec07866\" data-element_type=\"widget\" data-widget_type=\"text-editor.default\">\n\t\t\t\t<div class=\"elementor-widget-container\">\n\t\t\t\t\t\t\t<p class=\"font_8\">Le pr\u00e9sent site, accessible \u00e0 l&rsquo;URL<\/p><p class=\"font_8\">www.ivory-interiors.com, est \u00e9dit\u00e9 par\u00a0<\/p><p class=\"font_8\">agency Debman<span style=\"font-style: inherit; font-weight: inherit; color: var( --e-global-color-astglobalcolor1 ); font-family: var( --e-global-typography-text-font-family ), Sans-serif; background-color: var(--ast-global-color-0);\">agence de web design Debman,\u00a0<\/span><\/p><p class=\"font_8\"><span style=\"font-style: inherit; font-weight: inherit; color: var( --e-global-color-astglobalcolor1 ); font-family: var( --e-global-typography-text-font-family ), Sans-serif; background-color: var(--ast-global-color-0);\">bas\u00e9e\u00a0<\/span><span style=\"font-style: inherit; font-weight: inherit; color: var( --e-global-color-astglobalcolor1 ); font-family: var( --e-global-typography-text-font-family ), Sans-serif; background-color: var(--ast-global-color-0);\">\u00e0 Nice.<\/span><\/p><p class=\"font_8\"><span style=\"font-style: inherit; font-weight: inherit; color: var( --e-global-color-astglobalcolor1 ); font-family: var( --e-global-typography-text-font-family ), Sans-serif; background-color: var(--ast-global-color-0);\">\u00a0<\/span><\/p>\t\t\t\t\t\t<\/div>\n\t\t\t\t<\/div>\n\t\t\t\t<div class=\"elementor-element elementor-element-3cd7207 elementor-widget elementor-widget-heading\" data-id=\"3cd7207\" data-element_type=\"widget\" data-widget_type=\"heading.default\">\n\t\t\t\t<div class=\"elementor-widget-container\">\n\t\t\t<h2 class=\"elementor-heading-title elementor-size-default\">Hosting:<\/h2>\t\t<\/div>\n\t\t\t\t<\/div>\n\t\t\t\t<div class=\"elementor-element elementor-element-be0e0b3 elementor-widget__width-initial elementor-hidden-mobile elementor-widget elementor-widget-text-editor\" data-id=\"be0e0b3\" data-element_type=\"widget\" data-widget_type=\"text-editor.default\">\n\t\t\t\t<div class=\"elementor-widget-container\">\n\t\t\t\t\t\t\t<p class=\"font_8\">The website is hosted by Wix Online Platform Limited, located at 1 Grant's Row, Dublin 2\u00a0<\/p><p class=\"font_8\">D02HX96, Ireland, (telephone contact: (+1) 415 358 0857).<\/p><p class=\"font_8\">\u00a0<\/p>\t\t\t\t\t\t<\/div>\n\t\t\t\t<\/div>\n\t\t\t\t<div class=\"elementor-element elementor-element-a42771c elementor-hidden-desktop elementor-hidden-tablet elementor-widget elementor-widget-text-editor\" data-id=\"a42771c\" data-element_type=\"widget\" data-widget_type=\"text-editor.default\">\n\t\t\t\t<div class=\"elementor-widget-container\">\n\t\t\t\t\t\t\t<p class=\"font_8\">Le Site est h\u00e9berg\u00e9 par la soci\u00e9t\u00e9 Wix<\/p><p class=\"font_8\">Online Platform Limited, situ\u00e9 1 Grant&rsquo;s<\/p><p class=\"font_8\">Row, Dublin 2\u00a0D02HX96, Irlande,<\/p><p class=\"font_8\">(contact t\u00e9l\u00e9phonique :\u00a0<span style=\"background-color: var(--ast-global-color-0); color: var( --e-global-color-astglobalcolor1 ); font-family: var( --e-global-typography-text-font-family ), Sans-serif; font-style: inherit; font-weight: inherit;\">(+1) 415 358 0857).<\/span><\/p>\t\t\t\t\t\t<\/div>\n\t\t\t\t<\/div>\n\t\t\t\t<div class=\"elementor-element elementor-element-d58def6 elementor-widget elementor-widget-heading\" data-id=\"d58def6\" data-element_type=\"widget\" data-widget_type=\"heading.default\">\n\t\t\t\t<div class=\"elementor-widget-container\">\n\t\t\t<h2 class=\"elementor-heading-title elementor-size-default\">Debman\u00a0:<\/h2>\t\t<\/div>\n\t\t\t\t<\/div>\n\t\t\t\t<div class=\"elementor-element elementor-element-bbed413 elementor-widget__width-initial elementor-hidden-mobile elementor-widget elementor-widget-text-editor\" data-id=\"bbed413\" data-element_type=\"widget\" data-widget_type=\"text-editor.default\">\n\t\t\t\t<div class=\"elementor-widget-container\">\n\t\t\t\t\t\t\t<p class=\"font_8\">Based in Nice, the web design agency Debman provides its know-how in UX and UI <span style=\"font-size: 16px;\">design. <\/span><\/p><p class=\"font_8\"><span style=\"font-size: 16px;\">We offer a wide variety of services ranging from website creation\u00a0<\/span><\/p><p class=\"font_8\"><span style=\"font-size: 16px;\">to online advertisement.\u00a0<\/span><\/p><p class=\"font_8\">\u00a0<\/p>\t\t\t\t\t\t<\/div>\n\t\t\t\t<\/div>\n\t\t\t\t<div class=\"elementor-element elementor-element-e6a4e8e elementor-hidden-desktop elementor-hidden-tablet elementor-widget elementor-widget-text-editor\" data-id=\"e6a4e8e\" data-element_type=\"widget\" data-widget_type=\"text-editor.default\">\n\t\t\t\t<div class=\"elementor-widget-container\">\n\t\t\t\t\t\t\t<p class=\"font_8\">Implant\u00e9e \u00e0 Nice, l&rsquo;agence de web design<\/p><p class=\"font_8\">Debman <span style=\"font-size: 16px;\">a mis \u00e0 disposition son savoir<\/span><\/p><p class=\"font_8\"><span style=\"font-size: 16px;\">&#8211;<\/span><span style=\"font-size: 16px;\">faire <\/span><span style=\"font-size: 16px;\">en <\/span><span style=\"font-size: 16px;\">UX et UI <\/span><span style=\"font-size: 16px;\">design. <\/span><span style=\"font-size: 16px;\">Nous proposons <\/span><\/p><p class=\"font_8\"><span style=\"font-size: 16px;\">une <\/span><span style=\"font-size: 16px;\">grande <\/span><span style=\"font-size: 16px;\">vari\u00e9t\u00e9 de services allant de la<\/span><\/p><p class=\"font_8\"><span style=\"font-size: 16px;\"> cr\u00e9ation de site <\/span><span style=\"font-size: 16px;\">internet \u00e0 la cr\u00e9ation\u00a0<\/span><span style=\"font-size: 16px;\">d&rsquo;une<\/span><\/p><p class=\"font_8\"><span style=\"font-size: 16px;\"> image de marque.\u00a0<\/span><\/p>\t\t\t\t\t\t<\/div>\n\t\t\t\t<\/div>\n\t\t\t\t<div class=\"elementor-element elementor-element-7f9dd51 elementor-widget elementor-widget-heading\" data-id=\"7f9dd51\" data-element_type=\"widget\" data-widget_type=\"heading.default\">\n\t\t\t\t<div class=\"elementor-widget-container\">\n\t\t\t<h2 class=\"elementor-heading-title elementor-size-default\">Personal data:<\/h2>\t\t<\/div>\n\t\t\t\t<\/div>\n\t\t\t\t<div class=\"elementor-element elementor-element-ecb4869 elementor-widget__width-initial elementor-hidden-mobile elementor-widget elementor-widget-text-editor\" data-id=\"ecb4869\" data-element_type=\"widget\" data-widget_type=\"text-editor.default\">\n\t\t\t\t<div class=\"elementor-widget-container\">\n\t\t\t\t\t\t\t<p class=\"font_8\">The processing of your personal data is governed by our Privacy Policy,<\/p><p class=\"font_8\">available from the \"Personal Data Protection Charter\" section,<\/p><p class=\"font_8\">in accordance with the General Data Protection Regulation 2016\/679 of April 27, 2016\u00a0<\/p><p class=\"font_8\">( \u201cGDPR\u201d)\u00a0<\/p><p class=\"font_8\">We receive, collect and store any information you enter on our website\u00a0<\/p><p class=\"font_8\">or provide to us in any other way.<\/p><p class=\"font_8\">Additionally, we collect the Internet Protocol (IP) address used to connect your computer<\/p><p class=\"font_8\">to the Internet; the login; email-address ; the password ; computer and connection information <span style=\"font-size: 16px;\">.<\/span><\/p><p class=\"font_8\">We may use software tools to measure and collect session information,<\/p><p class=\"font_8\">ncluding page response times, length of visits to certain pages, page interaction information,<\/p><p class=\"font_8\">and methods used to navigate away from the page. We also collect personal identification<\/p><p class=\"font_8\">information\u00a0<\/p><p class=\"font_8\">(including name, email address, phone number, communications).<\/p><p class=\"font_8\">\u00a0<\/p>\t\t\t\t\t\t<\/div>\n\t\t\t\t<\/div>\n\t\t\t\t<div class=\"elementor-element elementor-element-b903648 elementor-hidden-desktop elementor-hidden-tablet elementor-widget elementor-widget-text-editor\" data-id=\"b903648\" data-element_type=\"widget\" data-widget_type=\"text-editor.default\">\n\t\t\t\t<div class=\"elementor-widget-container\">\n\t\t\t\t\t\t\t<p class=\"font_8\">Le traitement de vos donn\u00e9es \u00e0 caract\u00e8re<\/p><p class=\"font_8\">personnel est r\u00e9gi par notre Charte du\u00a0<\/p><p class=\"font_8\">respect de la vie priv\u00e9e, disponible<\/p><p class=\"font_8\">depuis la section \u00ab\u00a0Charte de Protection<\/p><p class=\"font_8\">des Donn\u00e9es Personnelles\u00a0\u00bb, conform\u00e9ment<\/p><p class=\"font_8\">au R\u00e8glement G\u00e9n\u00e9ral sur la Protection<\/p><p class=\"font_8\">des Donn\u00e9es 2016\/679 du 27 avril 2016<\/p><p class=\"font_8\">\u00a0(\u00ab RGPD \u00bb). Nous recevons, collectons<\/p><p class=\"font_8\">et stockons toutes les informations que<\/p><p class=\"font_8\">vous saisissez sur notre site web ou que<\/p><p class=\"font_8\">vous nous fournissez de toute autre<\/p><p class=\"font_8\">mani\u00e8re. En outre, nous recueillons<\/p><p class=\"font_8\">l&rsquo;adresse de protocole Internet (IP) utilis\u00e9e<\/p><p class=\"font_8\">pour connecter votre ordinateur \u00e0<\/p><p class=\"font_8\">l&rsquo;Internet ; le login ; l&rsquo;adresse e-mail ; le<\/p><p class=\"font_8\">mot de passe ; les informations sur<\/p><p class=\"font_8\">l&rsquo;ordinateur et la connexion. Nous pouvons<\/p><p class=\"font_8\">utiliser des outils logiciels pour mesurer et<\/p><p class=\"font_8\">collecter des informations de session, y<\/p><p class=\"font_8\">compris les temps de <span style=\"font-size: 16px;\">r\u00e9ponse des pages, <\/span><\/p><p class=\"font_8\"><span style=\"font-size: 16px;\">la dur\u00e9e des visites sur <\/span><span style=\"font-size: 16px;\">certaines pages, <\/span><\/p><p class=\"font_8\"><span style=\"font-size: 16px;\">les informations sur <\/span>l&rsquo;interaction entre les<\/p><p class=\"font_8\">pages et les m\u00e9thodes utilis\u00e9es pour<\/p><p class=\"font_8\">naviguer hors de la page. Nous recueillons<\/p><p class=\"font_8\">\u00e9galement des informations d&rsquo;identification<\/p><p class=\"font_8\">personnelle<\/p><p class=\"font_8\"><span style=\"font-style: inherit; font-weight: inherit; color: var( --e-global-color-text ); font-family: var( --e-global-typography-text-font-family ), Sans-serif; background-color: var(--ast-global-color-0);\">(y compris le nom,<\/span><\/p><p class=\"font_8\"><span style=\"font-style: inherit; font-weight: inherit; color: var( --e-global-color-text ); font-family: var( --e-global-typography-text-font-family ), Sans-serif; background-color: var(--ast-global-color-0);\"> l&rsquo;adresse \u00e9lectronique, le num\u00e9ro de <\/span><\/p><p class=\"font_8\"><span style=\"font-style: inherit; font-weight: inherit; color: var( --e-global-color-text ); font-family: var( --e-global-typography-text-font-family ), Sans-serif; background-color: var(--ast-global-color-0);\">t\u00e9l\u00e9phone, les communications).<\/span>\u00a0<\/p><p class=\"font_8\">\u00a0<\/p>\t\t\t\t\t\t<\/div>\n\t\t\t\t<\/div>\n\t\t\t\t\t<\/div>\n\t\t<\/div>\n\t\t\t\t\t\t\t<\/div>\n\t\t<\/section>\n\t\t\t\t<section class=\"elementor-section elementor-top-section elementor-element elementor-element-2548756 elementor-section-boxed elementor-section-height-default elementor-section-height-default\" data-id=\"2548756\" data-element_type=\"section\">\n\t\t\t\t\t\t<div class=\"elementor-container elementor-column-gap-default\">\n\t\t\t\t\t<div class=\"elementor-column elementor-col-100 elementor-top-column elementor-element elementor-element-a790df7\" data-id=\"a790df7\" data-element_type=\"column\">\n\t\t\t<div class=\"elementor-widget-wrap elementor-element-populated\">\n\t\t\t\t\t\t\t\t<div class=\"elementor-element elementor-element-425eda8 elementor-widget elementor-widget-heading\" data-id=\"425eda8\" data-element_type=\"widget\" data-widget_type=\"heading.default\">\n\t\t\t\t<div class=\"elementor-widget-container\">\n\t\t\t<h2 class=\"elementor-heading-title elementor-size-default\">Remerciement :<\/h2>\t\t<\/div>\n\t\t\t\t<\/div>\n\t\t\t\t<div class=\"elementor-element elementor-element-baf7178 elementor-widget__width-initial elementor-hidden-mobile elementor-widget elementor-widget-text-editor\" data-id=\"baf7178\" data-element_type=\"widget\" data-widget_type=\"text-editor.default\">\n\t\t\t\t<div class=\"elementor-widget-container\">\n\t\t\t\t\t\t\t\t\t\t\t\t\t<\/div>\n\t\t\t\t<\/div>\n\t\t\t\t<div class=\"elementor-element elementor-element-b105ef8 elementor-widget__width-initial elementor-hidden-mobile elementor-widget elementor-widget-text-editor\" data-id=\"b105ef8\" data-element_type=\"widget\" data-widget_type=\"text-editor.default\">\n\t\t\t\t<div class=\"elementor-widget-container\">\n\t\t\t\t\t\t\t<p>Les images du site internet ont \u00e9t\u00e9\u00a0<\/p><p>r\u00e9alis\u00e9es par le photographe\u00a0<\/p><p><a href=\"https:\/\/peterhortonphoto.com\/\" target=\"_blank\" rel=\"noopener\">Peter Horton<\/a>.<\/p>\t\t\t\t\t\t<\/div>\n\t\t\t\t<\/div>\n\t\t\t\t<div class=\"elementor-element elementor-element-4300c8e elementor-hidden-desktop elementor-hidden-tablet elementor-widget elementor-widget-heading\" data-id=\"4300c8e\" data-element_type=\"widget\" data-widget_type=\"heading.default\">\n\t\t\t\t<div class=\"elementor-widget-container\">\n\t\t\t<h2 class=\"elementor-heading-title elementor-size-default\">Les images du site internet ont \u00e9t\u00e9<br>r\u00e9alis\u00e9es par le photographe <a href=\"https:\/\/peterhortonphoto.com\/\">Pete Horton<\/a><\/li>.<\/h2>\t\t<\/div>\n\t\t\t\t<\/div>\n\t\t\t\t\t<\/div>\n\t\t<\/div>\n\t\t\t\t\t\t\t<\/div>\n\t\t<\/section>\n\t\t\t\t\t\t\t<\/div>","protected":false},"excerpt":{"rendered":"<p>Mentions l\u00e9gales IVORY INTERIORS : La soci\u00e9t\u00e9 IVORY INTERIORS est domicili\u00e9e au : 3 PL MASS\u00c9NA 06000 NICE T\u00e9l\u00e9phone : 07 62 21 19 75 Num\u00e9ro Siret : 94956118700012 \u00c9dition du site : Le pr\u00e9sent site, accessible \u00e0 l&rsquo;URL www.ivory-interiors.com, est \u00e9dit\u00e9 par\u00a0 l&rsquo;agence de web design Debman, bas\u00e9e \u00e0 Nice. \u00a0 Le pr\u00e9sent site, &hellip;<\/p>\n<p class=\"read-more\"> <a class=\"\" href=\"https:\/\/ivory-interiors.com\/en\/mentions-legales\/\"> <span class=\"screen-reader-text\">Legal notices<\/span> Read More &raquo;<\/a><\/p>","protected":false},"author":1,"featured_media":0,"parent":0,"menu_order":0,"comment_status":"closed","ping_status":"closed","template":"","meta":{"_mi_skip_tracking":false,"site-sidebar-layout":"no-sidebar","site-content-layout":"page-builder","ast-global-header-display":"","ast-banner-title-visibility":"","ast-main-header-display":"","ast-hfb-above-header-display":"","ast-hfb-below-header-display":"","ast-hfb-mobile-header-display":"","site-post-title":"disabled","ast-breadcrumbs-content":"","ast-featured-img":"disabled","footer-sml-layout":"","theme-transparent-header-meta":"","adv-header-id-meta":"","stick-header-meta":"","header-above-stick-meta":"","header-main-stick-meta":"","header-below-stick-meta":""},"aioseo_notices":[],"_links":{"self":[{"href":"https:\/\/ivory-interiors.com\/en\/wp-json\/wp\/v2\/pages\/104"}],"collection":[{"href":"https:\/\/ivory-interiors.com\/en\/wp-json\/wp\/v2\/pages"}],"about":[{"href":"https:\/\/ivory-interiors.com\/en\/wp-json\/wp\/v2\/types\/page"}],"author":[{"embeddable":true,"href":"https:\/\/ivory-interiors.com\/en\/wp-json\/wp\/v2\/users\/1"}],"replies":[{"embeddable":true,"href":"https:\/\/ivory-interiors.com\/en\/wp-json\/wp\/v2\/comments?post=104"}],"version-history":[{"count":24,"href":"https:\/\/ivory-interiors.com\/en\/wp-json\/wp\/v2\/pages\/104\/revisions"}],"predecessor-version":[{"id":2654,"href":"https:\/\/ivory-interiors.com\/en\/wp-json\/wp\/v2\/pages\/104\/revisions\/2654"}],"wp:attachment":[{"href":"https:\/\/ivory-interiors.com\/en\/wp-json\/wp\/v2\/media?parent=104"}],"curies":[{"name":"wp","href":"https:\/\/api.w.org\/{rel}","templated":true}]}}